{"id":2,"date":"2025-03-08T23:40:23","date_gmt":"2025-03-08T22:40:23","guid":{"rendered":"http:\/\/www.bilvemestrategia.com\/?page_id=2"},"modified":"2025-03-18T21:31:08","modified_gmt":"2025-03-18T20:31:08","slug":"sobrenosotros","status":"publish","type":"page","link":"https:\/\/www.bilvemestrategia.com\/index.php\/sobrenosotros\/","title":{"rendered":"Sobre Nosotros"},"content":{"rendered":"\n<p>NewCo que pretende asesorar de forma diligente y precisa tanto a personas jur\u00eddicas como f\u00edsicas para conseguir sus objetivos.<\/p>\n\n\n\n<p>Contando con experiencia ampl\u00eda en diversos sectores y acompa\u00f1ados por los \u00faltimos medios, tecnolog\u00edas as\u00ed como profesionales de diversos \u00e1mbitos nos permite ofrecer un servicio de calidad e integral ofreciendo en todo caso un asesoramiento 360.<\/p>\n\n\n\n<p>Bilvem Estrategia y Servicios Globales S.L., representada por su administrador Antonio Fern\u00e1ndez es capaz de ofrecer un servicio integral a todo aquel que lo necesite.<\/p>\n\n\n\n<p>De hecho, desde Bilvem, se pone a disposici\u00f3n del cliente su ampl\u00eda red de contactos o de profesionales con quienes se colabora de forma fluida y frecuente para poder ofrecer una soluci\u00f3n para cualquier cuesti\u00f3n a tratar.<\/p>\n\n\n\n<p>Asimismo, se ofrece un desarrollo constante, actualizaci\u00f3n con las tendencias del sector de consultor\u00eda y del sector legal hacen de Bilvem el compa\u00f1ero perfecto para cumplir tus objetivos.<\/p>\n\n\n\n<figure class=\"wp-block-image size-large\"><img loading=\"lazy\" decoding=\"async\" width=\"1024\" height=\"520\" src=\"https:\/\/www.bilvemestrategia.com\/wp-content\/uploads\/2025\/03\/Ed20Ivanushkin01-1024x520.jpg\" alt=\"\" class=\"wp-image-65\" srcset=\"https:\/\/www.bilvemestrategia.com\/wp-content\/uploads\/2025\/03\/Ed20Ivanushkin01-1024x520.jpg 1024w, https:\/\/www.bilvemestrategia.com\/wp-content\/uploads\/2025\/03\/Ed20Ivanushkin01-300x152.jpg 300w, https:\/\/www.bilvemestrategia.com\/wp-content\/uploads\/2025\/03\/Ed20Ivanushkin01-768x390.jpg 768w, https:\/\/www.bilvemestrategia.com\/wp-content\/uploads\/2025\/03\/Ed20Ivanushkin01-1536x780.jpg 1536w, https:\/\/www.bilvemestrategia.com\/wp-content\/uploads\/2025\/03\/Ed20Ivanushkin01.jpg 1920w\" sizes=\"auto, (max-width: 1024px) 100vw, 1024px\" \/><\/figure>\n\n\n\n<p class=\"has-text-align-center\"><em>\u00abEl compromiso con la excelencia nos impulsa a aprender, adaptarnos y crecer constantemente\u00bb<\/em><\/p>\n\n\n\n<p class=\"has-text-align-center\">info@bilvemestrategia.com<\/p>\n\n\n\n<p><\/p>\n","protected":false},"excerpt":{"rendered":"<p>NewCo que pretende asesorar de forma diligente y precisa tanto a personas jur\u00eddicas como f\u00edsicas para conseguir sus objetivos. Contando con experiencia ampl\u00eda en diversos sectores y acompa\u00f1ados por los \u00faltimos medios, tecnolog\u00edas as\u00ed como profesionales de diversos \u00e1mbitos nos permite ofrecer un servicio de calidad e integral ofreciendo en todo caso un asesoramiento 360. [&hellip;]<\/p>\n","protected":false},"author":1,"featured_media":0,"parent":0,"menu_order":0,"comment_status":"closed","ping_status":"open","template":"","meta":{"footnotes":""},"class_list":["post-2","page","type-page","status-publish","hentry"],"_links":{"self":[{"href":"https:\/\/www.bilvemestrategia.com\/index.php\/wp-json\/wp\/v2\/pages\/2","targetHints":{"allow":["GET"]}}],"collection":[{"href":"https:\/\/www.bilvemestrategia.com\/index.php\/wp-json\/wp\/v2\/pages"}],"about":[{"href":"https:\/\/www.bilvemestrategia.com\/index.php\/wp-json\/wp\/v2\/types\/page"}],"author":[{"embeddable":true,"href":"https:\/\/www.bilvemestrategia.com\/index.php\/wp-json\/wp\/v2\/users\/1"}],"replies":[{"embeddable":true,"href":"https:\/\/www.bilvemestrategia.com\/index.php\/wp-json\/wp\/v2\/comments?post=2"}],"version-history":[{"count":4,"href":"https:\/\/www.bilvemestrategia.com\/index.php\/wp-json\/wp\/v2\/pages\/2\/revisions"}],"predecessor-version":[{"id":95,"href":"https:\/\/www.bilvemestrategia.com\/index.php\/wp-json\/wp\/v2\/pages\/2\/revisions\/95"}],"wp:attachment":[{"href":"https:\/\/www.bilvemestrategia.com\/index.php\/wp-json\/wp\/v2\/media?parent=2"}],"curies":[{"name":"wp","href":"https:\/\/api.w.org\/{rel}","templated":true}]}}